{"id":19235,"date":"2025-10-07T07:00:32","date_gmt":"2025-10-07T07:00:32","guid":{"rendered":"https:\/\/letslaw.es\/letsadvisory\/"},"modified":"2025-10-20T08:01:38","modified_gmt":"2025-10-20T08:01:38","slug":"letsadvisory","status":"publish","type":"page","link":"https:\/\/letslaw.es\/en\/letsadvisory\/","title":{"rendered":"Letsadvisory: Tu asesor\u00eda fiscal y contable especializada en Startups"},"content":{"rendered":"<p>[vc_row content_width=&#8221;grid&#8221; content_aligment=&#8221;center&#8221; css=&#8221;.vc_custom_1759823779176{background-image: url(https:\/\/letslaw.es\/wp-content\/uploads\/2025\/10\/letsadvisory_1.jpg?id=19132) !important;}&#8221; el_class=&#8221;cyp_startups_nueva_bloque_1 cyp_startups_v2 cyp_letsadvisory_1&#8243;][vc_column][vc_single_image image=&#8221;19135&#8243; img_size=&#8221;full&#8221; alignment=&#8221;center&#8221;][vc_column_text el_class=&#8221;cyp_titulo_linea_center&#8221;]<\/p>\n<h1 style=\"text-align: center;\">TU ASESOR\u00cdA FISCAL Y CONTABLE ESPECIALIZADA EN STARTUPS<\/h1>\n<p>[\/vc_column_text][vc_column_text]<\/p>\n<p style=\"text-align: center;\">Una asesor\u00eda digital de empresas gestionada por y para empresarios como t\u00fa<\/p>\n<p>[\/vc_column_text][\/vc_column][\/vc_row][vc_row content_width=&#8221;grid&#8221; content_aligment=&#8221;center&#8221; el_class=&#8221;cyp_letsadvisory_2&#8243;][vc_column][vc_column_text]En <strong>LETSADVISORY<\/strong> ayudamos a <strong>empresas, emprendedores, aut\u00f3nomos y startups<\/strong> a gestionar su fiscalidad, contabilidad y \u00e1rea laboral de manera simple, clara y eficiente.<\/p>\n<p>Tanto si necesitas una\u00a0<strong>asesor\u00eda online para empresas o aut\u00f3nomos<\/strong>, como si prefieres una relaci\u00f3n m\u00e1s directa y quieres acudir a nuestras oficinas en Paseo de la Castellana, ponemos a tu disposici\u00f3n un equipo coordinado para que lleves al d\u00eda todos los tr\u00e1mites.[\/vc_column_text][vc_btn title=&#8221;Solicita ahora tu primera consultor\u00eda gratuita&#8221; align=&#8221;center&#8221; link=&#8221;url:%23form&#8221;][vc_column_text]<\/p>\n<h2 style=\"text-align: center;\">\u00bfQUI\u00c9NES SOMOS?<\/h2>\n<p>Como parte de <strong><a href=\"https:\/\/grupolets.es\/es\/\" target=\"_blank\" rel=\"noopener\">GRUPO LETS<\/a><\/strong>, trabajamos en sinergia con el resto de firmas del ecosistema para brindar un servicio 360\u00ba que combina asesoramiento contable, fiscal, legal, financiero, tecnol\u00f3gico y estrat\u00e9gico:<\/p>\n<ul>\n<li><a href=\"https:\/\/letslaw.es\/en\/\"><img decoding=\"async\" src=\"https:\/\/letslaw.es\/wp-content\/uploads\/2025\/09\/home_logo_letslaw.jpg\" alt=\"\" title=\"\"><\/a>Asesoramiento jur\u00eddico.<\/li>\n<li><a href=\"https:\/\/letslaw.es\/en\/letsfinance\/\"><img decoding=\"async\" src=\"https:\/\/letslaw.es\/wp-content\/uploads\/2025\/09\/home_logo_letsfinance.jpg\" alt=\"\" title=\"\"><\/a>Servicios financieros.<\/li>\n<li><a href=\"https:\/\/letslaw.es\/en\/letsadvisory\/\"><img decoding=\"async\" title=\"Abogados nuevas tecnolog\u00edas | LetsLaw 17\" src=\"https:\/\/letslaw.es\/wp-content\/uploads\/2025\/09\/home_logo_letsadvisory.jpg\" alt=\"home logo letsadvisory\" \/><\/a>Fiscalidad y contabilidad.<\/li>\n<li><a href=\"https:\/\/letsinnovate.es\/\" target=\"_blank\" rel=\"noopener\"><img decoding=\"async\" src=\"https:\/\/letslaw.es\/wp-content\/uploads\/2025\/09\/home_logo_letsinnovate.jpg\" alt=\"\" title=\"\"><\/a>Consultor\u00eda estrat\u00e9gica e innovaci\u00f3n empresarial.<\/li>\n<\/ul>\n<p>Nuestro equipo multidisciplinar est\u00e1 formado por profesionales altamente cualificados que trabajan d\u00eda a d\u00eda para ofrecer el mejor servicio a nuestros clientes.<\/p>\n<p>Nuestro objetivo: que t\u00fa te concentres en hacer crecer tu negocio, mientras nosotros nos ocupamos de la gesti\u00f3n.[\/vc_column_text][\/vc_column][\/vc_row][vc_row content_width=&#8221;grid&#8221; content_aligment=&#8221;center&#8221; el_class=&#8221;cyp_letsadvisory_3&#8243;][vc_column][vc_column_text]<\/p>\n<p style=\"text-align: center;\"><strong>Porqu\u00e9 elegirnos como tu asesor\u00eda especializada en Startups<\/strong><\/p>\n<p>[\/vc_column_text][vc_row_inner][vc_column_inner width=&#8221;1\/5&#8243;]<div class=\"edgtf-iwt clearfix edgtf-iwt-icon-top edgtf-iwt-icon-tiny\">\n    <div class=\"edgtf-iwt-icon-holder\">\n                    \n    <span class=\"edgtf-icon-shortcode normal edgtf-icon-tiny\"  >\n        \n        <i class=\"edgtf-icon-font-awesome fa fa-rocket edgtf-icon-element\" style=\"\" ><\/i>\n                    <\/span>\n\n            <\/div>\n    <div class=\"edgtf-iwt-content-holder\" >\n        <div class=\"edgtf-iwt-title-holder\">\n            <h6 ><\/h6>\n        <\/div>\n        <div class=\"edgtf-iwt-text-holder\">\n            <p >Soluciones a medida para Startups<\/p>\n\n                    <\/div>\n    <\/div>\n<\/div>[\/vc_column_inner][vc_column_inner width=&#8221;1\/5&#8243;]<div class=\"edgtf-iwt clearfix edgtf-iwt-icon-top edgtf-iwt-icon-tiny\">\n    <div class=\"edgtf-iwt-icon-holder\">\n                    \n    <span class=\"edgtf-icon-shortcode normal edgtf-icon-tiny\"  >\n        \n        <i class=\"edgtf-icon-font-awesome fa fa-users edgtf-icon-element\" style=\"\" ><\/i>\n                    <\/span>\n\n            <\/div>\n    <div class=\"edgtf-iwt-content-holder\" >\n        <div class=\"edgtf-iwt-title-holder\">\n            <h6 ><\/h6>\n        <\/div>\n        <div class=\"edgtf-iwt-text-holder\">\n            <p >Acompa\u00f1amiento constante<\/p>\n\n                    <\/div>\n    <\/div>\n<\/div>[\/vc_column_inner][vc_column_inner width=&#8221;1\/5&#8243;]<div class=\"edgtf-iwt clearfix edgtf-iwt-icon-top edgtf-iwt-icon-tiny\">\n    <div class=\"edgtf-iwt-icon-holder\">\n                    \n    <span class=\"edgtf-icon-shortcode normal edgtf-icon-tiny\"  >\n        \n        <i class=\"edgtf-icon-font-awesome fa fa-adn edgtf-icon-element\" style=\"\" ><\/i>\n                    <\/span>\n\n            <\/div>\n    <div class=\"edgtf-iwt-content-holder\" >\n        <div class=\"edgtf-iwt-title-holder\">\n            <h6 ><\/h6>\n        <\/div>\n        <div class=\"edgtf-iwt-text-holder\">\n            <p >Especialistas en cada disciplina<\/p>\n\n                    <\/div>\n    <\/div>\n<\/div>[\/vc_column_inner][vc_column_inner width=&#8221;1\/5&#8243;]<div class=\"edgtf-iwt clearfix edgtf-iwt-icon-top edgtf-iwt-icon-tiny\">\n    <div class=\"edgtf-iwt-icon-holder\">\n                    \n    <span class=\"edgtf-icon-shortcode normal edgtf-icon-tiny\"  >\n        \n        <i class=\"edgtf-icon-font-awesome fa fa-ambulance edgtf-icon-element\" style=\"\" ><\/i>\n                    <\/span>\n\n            <\/div>\n    <div class=\"edgtf-iwt-content-holder\" >\n        <div class=\"edgtf-iwt-title-holder\">\n            <h6 ><\/h6>\n        <\/div>\n        <div class=\"edgtf-iwt-text-holder\">\n            <p >Enfocado en resultados<\/p>\n\n                    <\/div>\n    <\/div>\n<\/div>[\/vc_column_inner][vc_column_inner width=&#8221;1\/5&#8243;]<div class=\"edgtf-iwt clearfix edgtf-iwt-icon-top edgtf-iwt-icon-tiny\">\n    <div class=\"edgtf-iwt-icon-holder\">\n                    \n    <span class=\"edgtf-icon-shortcode normal edgtf-icon-tiny\"  >\n        \n        <i class=\"edgtf-icon-font-awesome fa fa-angellist edgtf-icon-element\" style=\"\" ><\/i>\n                    <\/span>\n\n            <\/div>\n    <div class=\"edgtf-iwt-content-holder\" >\n        <div class=\"edgtf-iwt-title-holder\">\n            <h6 ><\/h6>\n        <\/div>\n        <div class=\"edgtf-iwt-text-holder\">\n            <p >Asesoramiento integral: contable, fiscal, laboral y legal<\/p>\n\n                    <\/div>\n    <\/div>\n<\/div>[\/vc_column_inner][\/vc_row_inner][\/vc_column][\/vc_row][vc_row content_width=&#8221;grid&#8221; el_class=&#8221;cyp_letsadvisory cyp_letsadvisory_4&#8243;][vc_column][vc_column_text]<\/p>\n<h2 style=\"text-align: center;\">NUESTROS SERVICIOS<\/h2>\n<p style=\"text-align: center;\">En LETSADVISORY dise\u00f1amos un servicio integral que cubre las necesidades reales de Startups y aut\u00f3nomos:<\/p>\n<p>[\/vc_column_text][vc_row_inner el_class=&#8221;cyp_letsadvisory_4_2&#8243;][vc_column_inner][vc_column_text][icon_calculadora]<\/p>\n<h2>Asesor\u00eda Fiscal<\/h2>\n<p>Gesti\u00f3n completa de obligaciones fiscales, declaraciones y optimizaci\u00f3n tributaria para empresas y aut\u00f3nomos.<\/p>\n<ul>\n<li>Asesoramiento fiscal expatriados<\/li>\n<li>Herencias y donaciones<\/li>\n<li>Precios de transferencia y operaciones vinculadas<\/li>\n<li>Fusiones y adquisiciones<\/li>\n<li>Declaraciones trimestrales<\/li>\n<li>Renta anual<\/li>\n<li>Optimizaci\u00f3n fiscal<\/li>\n<li>IVA<\/li>\n<\/ul>\n<p>[\/vc_column_text][vc_column_text][icon_user]<\/p>\n<h2>Gesti\u00f3n de N\u00f3minas<\/h2>\n<p>Administraci\u00f3n integral de recursos humanos, n\u00f3minas y seguros sociales con total garant\u00eda legal.<\/p>\n<ul>\n<li>C\u00e1lculo de n\u00f3minas<\/li>\n<li>Altas y bajas SS<\/li>\n<li>Contratos laborales<\/li>\n<li>Finiquitos<\/li>\n<\/ul>\n<p>[\/vc_column_text][vc_column_text][icon_folio]<\/p>\n<h2>Contabilidad<\/h2>\n<p>Llevanza de libros contables, balances y cuentas anuales con software especializado.<\/p>\n<ul>\n<li>Libros contables<\/li>\n<li>Balances<\/li>\n<li>Cuentas anuales<\/li>\n<li>Informes financieros<\/li>\n<\/ul>\n<p>[\/vc_column_text][vc_column_text][icon_maletin]<\/p>\n<h2>Constituci\u00f3n Empresas<\/h2>\n<p>Asesoramiento y tramitaci\u00f3n completa para la creaci\u00f3n de tu empresa desde cero.<\/p>\n<ul>\n<li>Elecci\u00f3n forma jur\u00eddica<\/li>\n<li>Tr\u00e1mites registrales<\/li>\n<li>Licencias<\/li>\n<li>Ayudas p\u00fablicas<\/li>\n<\/ul>\n<p>[\/vc_column_text][vc_column_text][icon_seguridad]<\/p>\n<h2>Compliance<\/h2>\n<p>Cumplimiento normativo, protecci\u00f3n de datos y prevenci\u00f3n de riesgos legales.<\/p>\n<ul>\n<li>LOPD<\/li>\n<li>Blanqueo capitales<\/li>\n<li>Auditor\u00edas<\/li>\n<li>Compliance penal<\/li>\n<\/ul>\n<p>[\/vc_column_text][vc_column_text][icon_financiero]<\/p>\n<h2>Asesoramiento Financiero<\/h2>\n<p>Gesti\u00f3n estrat\u00e9gica y an\u00e1lisis financiero para optimizar la rentabilidad, el crecimiento y la estructura econ\u00f3mica de la empresa.<\/p>\n<ul>\n<li>Consultor\u00eda estrat\u00e9gica y financiera<\/li>\n<li>CFO externo<\/li>\n<li>Growth Equity<\/li>\n<li>Valoraci\u00f3n de empresas<\/li>\n<li>Due Diligence Financiera<\/li>\n<li>Tramitaci\u00f3n y asesor\u00eda para el Certificado de Empresa Emergente<\/li>\n<\/ul>\n<p>[\/vc_column_text][\/vc_column_inner][\/vc_row_inner][\/vc_column][\/vc_row][vc_row content_width=&#8221;grid&#8221; content_aligment=&#8221;center&#8221; el_class=&#8221;cyp_letsadvisory_5&#8243;][vc_column][vc_column_text el_class=&#8221;cyp_titulo_linea_center&#8221;]<\/p>\n<h2 style=\"text-align: center;\">PARTNERS &amp; TECNOLOG\u00cdA<\/h2>\n<p>En <strong>LETSADVISORY<\/strong> integramos las mejores soluciones tecnol\u00f3gicas y colaboramos con partners estrat\u00e9gicos para que la gesti\u00f3n de tu negocio sea m\u00e1s <strong>\u00e1gil, sencilla y 100% digital.<\/strong>[\/vc_column_text][vc_row_inner][vc_column_inner width=&#8221;1\/3&#8243;]<div class=\"edgtf-iwt clearfix edgtf-iwt-icon-top edgtf-iwt-icon-tiny\">\n    <div class=\"edgtf-iwt-icon-holder\">\n                    <img loading=\"lazy\" decoding=\"async\" width=\"272\" height=\"80\" src=\"https:\/\/letslaw.es\/wp-content\/uploads\/2025\/10\/logo_qonto.jpg\" class=\"attachment-full size-full\" alt=\"\" title=\"\">            <\/div>\n    <div class=\"edgtf-iwt-content-holder\" >\n        <div class=\"edgtf-iwt-title-holder\">\n            <h6 ><\/h6>\n        <\/div>\n        <div class=\"edgtf-iwt-text-holder\">\n            <p >La cuenta bancaria online pensada para startups y pymes, que simplifica la gesti\u00f3n financiera diaria.<\/p>\n\n                    <\/div>\n    <\/div>\n<\/div>[\/vc_column_inner][vc_column_inner width=&#8221;1\/3&#8243;]<div class=\"edgtf-iwt clearfix edgtf-iwt-icon-top edgtf-iwt-icon-tiny\">\n    <div class=\"edgtf-iwt-icon-holder\">\n                    <img loading=\"lazy\" decoding=\"async\" width=\"386\" height=\"76\" src=\"https:\/\/letslaw.es\/wp-content\/uploads\/2025\/10\/logo_holded.jpg\" class=\"attachment-full size-full\" alt=\"\" srcset=\"https:\/\/letslaw.es\/wp-content\/uploads\/2025\/10\/logo_holded.jpg 386w, https:\/\/letslaw.es\/wp-content\/uploads\/2025\/10\/logo_holded-300x59.jpg 300w\" sizes=\"auto, (max-width: 386px) 100vw, 386px\" title=\"\">            <\/div>\n    <div class=\"edgtf-iwt-content-holder\" >\n        <div class=\"edgtf-iwt-title-holder\">\n            <h6 ><\/h6>\n        <\/div>\n        <div class=\"edgtf-iwt-text-holder\">\n            <p >Software de gesti\u00f3n empresarial que centraliza contabilidad, facturaci\u00f3n y procesos en una sola plataforma intuitiva.<\/p>\n\n                    <\/div>\n    <\/div>\n<\/div>[\/vc_column_inner][vc_column_inner width=&#8221;1\/3&#8243;]<div class=\"edgtf-iwt clearfix edgtf-iwt-icon-top edgtf-iwt-icon-tiny\">\n    <div class=\"edgtf-iwt-icon-holder\">\n                    <img loading=\"lazy\" decoding=\"async\" width=\"203\" height=\"120\" src=\"https:\/\/letslaw.es\/wp-content\/uploads\/2025\/10\/logo_redpae.jpg\" class=\"attachment-full size-full\" alt=\"\" title=\"\">            <\/div>\n    <div class=\"edgtf-iwt-content-holder\" >\n        <div class=\"edgtf-iwt-title-holder\">\n            <h6 ><\/h6>\n        <\/div>\n        <div class=\"edgtf-iwt-text-holder\">\n            <p >Punto de Atenci\u00f3n al Emprendedor.<\/p>\n\n                    <\/div>\n    <\/div>\n<\/div>[\/vc_column_inner][\/vc_row_inner][vc_column_text]Como miembros acreditados de la <strong>Red PAE<\/strong>, en LETSADVISORY te ayudamos a <strong>constituir tu empresa de forma r\u00e1pida, digital y con total seguridad jur\u00eddica.<\/strong><\/p>\n<ul>\n<li>Te acompa\u00f1amos desde el alta como aut\u00f3nomo hasta la creaci\u00f3n de tu sociedad.<\/li>\n<li>Simplificamos los tr\u00e1mites administrativos para que dediques tu tiempo a lo que importa: tu negocio.<\/li>\n<li>Todo el proceso se realiza de forma telem\u00e1tica, evitando desplazamientos y reduciendo plazos.<\/li>\n<\/ul>\n<p>Gracias a esta combinaci\u00f3n de <strong>tecnolog\u00eda + partners estrat\u00e9gicos + pertenencia a la Red PAE,<\/strong> en LETSADVISORY ofrecemos una asesor\u00eda moderna, eficiente y especializada en startups.[\/vc_column_text][vc_raw_html]JTNDZGl2JTNFJTNDaSUzRVElM0MlMkZpJTNFJTIwUW9udG8lM0MlMkZkaXYlM0UlMEElM0NkaXYlM0UlM0NpJTNFSCUzQyUyRmklM0UlMjBIb2xkZWQlM0MlMkZkaXYlM0UlMEElM0NkaXYlM0UlM0NpJTNFUlAlM0MlMkZpJTNFJTIwUmVkJTIwUEFFJTNDJTJGZGl2JTNF[\/vc_raw_html][\/vc_column][\/vc_row][vc_row content_width=&#8221;grid&#8221; content_aligment=&#8221;center&#8221; el_class=&#8221;cyp_letsadvisory_6&#8243;][vc_column][vc_column_text el_class=&#8221;cyp_titulo_linea_center&#8221;]<\/p>\n<h2 style=\"text-align: center;\">ASESOR\u00cdA A MEDIDA PARA TU NEGOCIO<\/h2>\n<p>Cada empresa es diferente, por eso dise\u00f1amos soluciones adaptadas a lo que realmente necesitas.[\/vc_column_text][vc_row_inner][vc_column_inner width=&#8221;1\/4&#8243;][vc_column_text]<\/p>\n<h3 style=\"text-align: center;\">PYMEs<\/h3>\n<p>[\/vc_column_text]\n    <span class=\"edgtf-icon-shortcode normal edgtf-icon-tiny\"  >\n        \n        <i class=\"edgtf-icon-font-awesome fa fa-desktop edgtf-icon-element\" style=\"\" ><\/i>\n                    <\/span>\n\n[vc_column_text]Apostamos por el <strong>desarrollo y asesoramiento a peque\u00f1as y medianas<\/strong> empresas en materia de contabilidad, fiscalidad y gesti\u00f3n laboral. Con una actitud proactiva y buscando siempre el <strong>mejor equilibrio entre beneficios y gastos<\/strong> para un balance s\u00f3lido.[\/vc_column_text][vc_btn title=&#8221;Cont\u00e1ctanos&#8221; link=&#8221;url:%23form&#8221;][\/vc_column_inner][vc_column_inner width=&#8221;1\/4&#8243;][vc_column_text]<\/p>\n<h3 style=\"text-align: center;\">Grandes empresas<\/h3>\n<p>[\/vc_column_text]\n    <span class=\"edgtf-icon-shortcode normal edgtf-icon-tiny\"  >\n        \n        <i class=\"edgtf-icon-font-awesome fa fa-building edgtf-icon-element\" style=\"\" ><\/i>\n                    <\/span>\n\n[vc_column_text]Las ayudamos a crecer pasando de 5 a m\u00e1s de 700 empleados. Las acompa\u00f1amos en la <strong>gesti\u00f3n de n\u00f3minas y personal, contabilidad financiera y anal\u00edtica<\/strong> as\u00ed como en la <strong>expansi\u00f3n nacional e internacional.<\/strong>[\/vc_column_text][vc_btn title=&#8221;Cont\u00e1ctanos&#8221; link=&#8221;url:%23form&#8221;][\/vc_column_inner][vc_column_inner width=&#8221;1\/4&#8243;][vc_column_text]<\/p>\n<h3 style=\"text-align: center;\">Startups<\/h3>\n<p>[\/vc_column_text]\n    <span class=\"edgtf-icon-shortcode normal edgtf-icon-tiny\"  >\n        \n        <i class=\"edgtf-icon-font-awesome fa fa-rocket edgtf-icon-element\" style=\"\" ><\/i>\n                    <\/span>\n\n[vc_column_text]<strong>Apoyo en el lanzamiento de nuevas empresas,<\/strong> asesor\u00e1ndote en la <strong>elecci\u00f3n de la forma jur\u00eddica, constituci\u00f3n de estatutos, b\u00fasqueda de financiaci\u00f3n y subvenciones<\/strong> as\u00ed como el apoyo legal necesario para blindarla (P.I., RGPD,&#8230;).[\/vc_column_text][vc_btn title=&#8221;Cont\u00e1ctanos&#8221; link=&#8221;url:%23form&#8221;][\/vc_column_inner][vc_column_inner width=&#8221;1\/4&#8243;][vc_column_text]<\/p>\n<h3 style=\"text-align: center;\">Aut\u00f3nomos<\/h3>\n<p>[\/vc_column_text]\n    <span class=\"edgtf-icon-shortcode normal edgtf-icon-tiny\"  >\n        \n        <i class=\"edgtf-icon-font-awesome fa fa-user edgtf-icon-element\" style=\"\" ><\/i>\n                    <\/span>\n\n[vc_column_text]Trabajamos codo con codo con los aut\u00f3nomos. No solo en la <strong>gesti\u00f3n de n\u00f3minas<\/strong> de sus empleados y la <strong>presentaci\u00f3n de impuestos,<\/strong> sino la <strong>b\u00fasqueda de ayudas, subvenciones y ventajas fiscales<\/strong> que ayuden al desarrollo econ\u00f3mico y profesional.[\/vc_column_text][vc_btn title=&#8221;Cont\u00e1ctanos&#8221; link=&#8221;url:%23form&#8221;][\/vc_column_inner][\/vc_row_inner][\/vc_column][\/vc_row][vc_row content_width=&#8221;grid&#8221; content_aligment=&#8221;center&#8221; el_class=&#8221;cyp_letsadvisory_7&#8243;][vc_column][vc_row_inner][vc_column_inner width=&#8221;1\/3&#8243;][vc_column_text]<\/p>\n<h2>Proceso de contrataci\u00f3n 100% online, f\u00e1cil y asistido<\/h2>\n<p>[\/vc_column_text][\/vc_column_inner][vc_column_inner width=&#8221;2\/3&#8243;][vc_raw_html]JTNDZGl2JTNFJTBBJTNDZGl2JTNFJTNDc3BhbiUzRUQlQzMlQTlqYW5vcyUyMHR1cyUyMGRhdG9zJTNDJTJGc3BhbiUzRSUzQ3AlM0VUZSUyMHBlZGlyZW1vcyUyMGFsZ3Vub3MlMjBkYXRvcyUyMGIlQzMlQTFzaWNvcyUyMHBhcmElMjBwb2RlciUyMHJlZ2lzdHJhciUyMHR1JTIwbmVnb2Npby4lM0MlMkZwJTNFJTNDJTJGZGl2JTNFJTBBJTNDZGl2JTNFJTNDc3BhbiUzRVBhc28lMjAxJTNDJTJGc3BhbiUzRSUzQyUyRmRpdiUzRSUwQSUzQyUyRmRpdiUzRSUwQSUzQ2RpdiUzRSUwQSUzQ2RpdiUzRSUzQ3NwYW4lM0VQYXNvJTIwMiUzQyUyRnNwYW4lM0UlM0MlMkZkaXYlM0UlMEElM0NkaXYlM0UlM0NzcGFuJTNFTm9zJTIwcG9uZW1vcyUyMGVuJTIwY29udGFjdG8lMjBjb250aWdvJTNDJTJGc3BhbiUzRSUzQ3AlM0VVbmElMjB2ZXolMjByZWNpYmlkYSUyMGxhJTIwaW5mb3JtYWNpJUMzJUIzbiUyQyUyMG5vcyUyMGVuY2FyZ2FyZW1vcyUyMGRlJTIwcG9uZXJub3MlMjBlbiUyMGNvbnRhY3RvJTIwY29udGlnbyUyMCUyOHBvciUyMHRlbCVDMyVBOWZvbm8lMjBvJTIwZS1tYWlsJTI5JTIwcGFyYSUyMGNvbmZpcm1hciUyMGxhJTIwaW5mb3JtYWNpJUMzJUIzbiUyMHJlY2liaWRhLiUzQyUyRnAlM0UlM0MlMkZkaXYlM0UlMEElM0MlMkZkaXYlM0UlMEElM0NkaXYlM0UlMEElM0NkaXYlM0UlM0NzcGFuJTNFRmlybWElMjBkZWwlMjBjb250cmF0byUzQyUyRnNwYW4lM0UlM0NwJTNFVGUlMjBlbnZpYXJlbW9zJTIwZWwlMjBjb250cmF0byUyMHBvciUyMGNvcnJlbyUyMGVsZWN0ciVDMyVCM25pY28lMjBwYXJhJTIwcXVlJTIwbG8lMjByZXZpc2VzJTJDJTIwZmlybWVzJTIweSUyMG5vcyUyMGxvJTIwZGV2dWVsdmFzLiUzQyUyRnAlM0UlM0MlMkZkaXYlM0UlMEElM0NkaXYlM0UlM0NzcGFuJTNFUGFzbyUyMDMlM0MlMkZzcGFuJTNFJTNDJTJGZGl2JTNFJTBBJTNDJTJGZGl2JTNFJTBBJTNDZGl2JTNFJTBBJTNDZGl2JTNFJTNDc3BhbiUzRVBhc28lMjA0JTNDJTJGc3BhbiUzRSUzQyUyRmRpdiUzRSUwQSUzQ2RpdiUzRSUzQ3NwYW4lM0UlQzIlQTFFbiUyMG1hcmNoYSUyMSUzQyUyRnNwYW4lM0UlM0NwJTNFVGUlMjBhc2lnbmFyZW1vcyUyMHVuJTIwYXNlc29yJTIwcXVlJTIwc2UlMjBlbmNhcmdhciVDMyVBMSUyMGRlJTIwZ2VzdGlvbmFyJTIwdHUlMjBjdWVudGEuJTNDJTJGcCUzRSUzQyUyRmRpdiUzRSUwQSUzQyUyRmRpdiUzRQ==[\/vc_raw_html][\/vc_column_inner][\/vc_row_inner][\/vc_column][\/vc_row][vc_row content_width=&#8221;grid&#8221; content_aligment=&#8221;center&#8221; css=&#8221;.vc_custom_1759823880754{background-image: url(https:\/\/letslaw.es\/wp-content\/uploads\/2025\/10\/letsadvisory_form.jpg?id=19149) !important;}&#8221; el_class=&#8221;cyp_letsadvisory_8&#8243; el_id=&#8221;form&#8221;][vc_column][vc_column_text el_class=&#8221;cyp_titulo_linea_center&#8221;]<\/p>\n<h2 style=\"text-align: center;\">CONTACTA CON NOSOTROS<\/h2>\n<p style=\"text-align: center;\"><strong>\u00bfListo para llevar tu startup al siguiente nivel?<\/strong><\/p>\n<p>\u00a1Queremos ayudarte! Solicita tu primera consulta gratuita y descubre c\u00f3mo podemos optimizar la gesti\u00f3n de tu negocio.[\/vc_column_text][vc_raw_html]JTVCY29udGFjdC1mb3JtLTclMjBpZCUzRCUyMjFiODVmY2MlMjIlMjB0aXRsZSUzRCUyMkxldHNBZHZpc29yeSUyMEVOJTIyJTVE[\/vc_raw_html][\/vc_column][\/vc_row]<\/p>\n","protected":false},"excerpt":{"rendered":"<p>[vc_row content_width=&#8221;grid&#8221; content_aligment=&#8221;center&#8221; css=&#8221;.vc_custom_1759823779176{background-image: url(https:\/\/letslaw.es\/wp-content\/uploads\/2025\/10\/letsadvisory_1.jpg?id=19132) !important;}&#8221; el_class=&#8221;cyp_startups_nueva_bloque_1 cyp_startups_v2 cyp_letsadvisory_1&#8243;][vc_column][vc_single_image image=&#8221;19135&#8243; img_size=&#8221;full&#8221; alignment=&#8221;center&#8221;][vc_column_text el_class=&#8221;cyp_titulo_linea_center&#8221;] TU ASESOR\u00cdA FISCAL Y CONTABLE ESPECIALIZADA EN STARTUPS [\/vc_column_text][vc_column_text] Una asesor\u00eda digital de empresas gestionada por y para empresarios como t\u00fa [\/vc_column_text][\/vc_column][\/vc_row][vc_row&#8230;<\/p>\n","protected":false},"author":4,"featured_media":0,"parent":0,"menu_order":0,"comment_status":"closed","ping_status":"closed","template":"full-width.php","meta":{"footnotes":""},"class_list":["post-19235","page","type-page","status-publish","hentry"],"_links":{"self":[{"href":"https:\/\/letslaw.es\/en\/wp-json\/wp\/v2\/pages\/19235","targetHints":{"allow":["GET"]}}],"collection":[{"href":"https:\/\/letslaw.es\/en\/wp-json\/wp\/v2\/pages"}],"about":[{"href":"https:\/\/letslaw.es\/en\/wp-json\/wp\/v2\/types\/page"}],"author":[{"embeddable":true,"href":"https:\/\/letslaw.es\/en\/wp-json\/wp\/v2\/users\/4"}],"replies":[{"embeddable":true,"href":"https:\/\/letslaw.es\/en\/wp-json\/wp\/v2\/comments?post=19235"}],"version-history":[{"count":2,"href":"https:\/\/letslaw.es\/en\/wp-json\/wp\/v2\/pages\/19235\/revisions"}],"predecessor-version":[{"id":19241,"href":"https:\/\/letslaw.es\/en\/wp-json\/wp\/v2\/pages\/19235\/revisions\/19241"}],"wp:attachment":[{"href":"https:\/\/letslaw.es\/en\/wp-json\/wp\/v2\/media?parent=19235"}],"curies":[{"name":"wp","href":"https:\/\/api.w.org\/{rel}","templated":true}]}}