{"id":19231,"date":"2025-10-14T07:28:26","date_gmt":"2025-10-14T07:28:26","guid":{"rendered":"https:\/\/letslaw.es\/politica-de-privacidad-letsadvisory\/"},"modified":"2025-10-20T07:48:33","modified_gmt":"2025-10-20T07:48:33","slug":"privacy-policy-letsadvisory","status":"publish","type":"page","link":"https:\/\/letslaw.es\/en\/privacy-policy-letsadvisory\/","title":{"rendered":"Privacy Policy &#8211; Letsadvisory"},"content":{"rendered":"<p>[vc_row el_class=&#8221;cyp_seccion_legal&#8221;][vc_column][vc_column_text]<\/p>\n<h3>1.- \u00bfQui\u00e9n es el responsable del tratamiento de sus datos?<\/h3>\n<p>El responsable del tratamiento de sus datos personales es LETS ADVISORY, S.L. (en adelante, \u201c<strong>LETSADVISORY<\/strong>\u201d), con NIF B80052350 y domicilio social en Paseo de la Castellana 116, 10 A, 28046, Madrid, inscrita en el Registro Mercantil de Madrid, en el tomo 12143, folio 218, hoja n\u00famero M-23232.<\/p>\n<p>La Presente Pol\u00edtica de Privacidad regula el acceso y el uso del sitio web (en adelante, el \u201c<strong>Sitio Web<\/strong>\u201d) que LETSADVISORY pone a disposici\u00f3n de usuarios (en adelante, los \u201c<strong>Usuarios<\/strong>\u201d) interesados en los contenidos (en adelante, \u201c<strong>Contenidos<\/strong>\u201d) y los servicios (en adelante, \u201c<strong>Servicios<\/strong>\u201d) ofertados por LETSADVISORY en el mismo.<\/p>\n<p>Correo electr\u00f3nico de contacto: <a href=\"mailto:admin@letsadvisory.es\">admin@letsadvisory.es<\/a><\/p>\n<h3>2.- Recomendaciones.<\/h3>\n<p>Por favor, lea atentamente y siga las siguientes recomendaciones:<\/p>\n<ul>\n<li>Mantenga su dispositivo equipado con software antivirus debidamente actualizado contra software malicioso y aplicaciones de spyware que puedan poner en peligro su navegaci\u00f3n por Internet y la informaci\u00f3n alojada en su equipo.<\/li>\n<li>Lea y revise esta Pol\u00edtica de Privacidad y todos los textos legales puestos a disposici\u00f3n por LETSADVISORY y\/o LETSLAW, S.L. en el Sitio Web.<\/li>\n<\/ul>\n<h3>3.- Informaci\u00f3n sobre los datos que LETSADVISORY recopila a trav\u00e9s del Sitio Web.<\/h3>\n<p>Para el correcto funcionamiento del Sitio Web, LETSADVISORY puede tener acceso a los siguientes datos facilitados, en su caso, por parte del Usuario:<\/p>\n<ul>\n<li>Datos de identificaci\u00f3n: nombre, apellido.<\/li>\n<li>Datos de contacto: tel\u00e9fono, correo electr\u00f3nico.<\/li>\n<\/ul>\n<h3>4. \u00bfPor qu\u00e9 LETSADVISORY est\u00e1 legitimado para procesar sus datos?<\/h3>\n<p>La base jur\u00eddica que legitima el tratamiento de los datos personales por parte de LETSADVISORY depender\u00e1 de la naturaleza de la interacci\u00f3n del Usuario con el Sitio Web y de la finalidad concreta para la que se recaben los datos, conforme a lo dispuesto en el art\u00edculo 6 del Reglamento (UE) 2016\/679, General de Protecci\u00f3n de Datos (\u201c<strong>RGPD<\/strong>\u201d).<\/p>\n<p>El tratamiento de los datos de contacto facilitados a trav\u00e9s del formulario de contacto ser\u00e1 el consentimiento otorgado por el interesado para el tratamiento y gesti\u00f3n de cualquier solicitud o consulta sobre los productos o servicios de LETSADVISORY, de conformidad con el art\u00edculo 6.1. a) del RGPD.<\/p>\n<p>El Usuario podr\u00e1 retirar su consentimiento en cualquier momento, sin que ello afecte a la licitud del tratamiento basado en el consentimiento previo a su retirada.<\/p>\n<p>LETSADVISORY podr\u00e1 tratar los datos de contacto aportados por los Usuarios con la finalidad de enviar newsletter y\/o comunicaciones comerciales siempre que estos Usuarios hayan otorgado su consentimiento expl\u00edcito en los formularios habilitados para ello.<\/p>\n<p>Adicionalmente, se informa de que LETSADVISORY podr\u00e1 enviar comunicaciones comerciales electr\u00f3nicas a sus clientes sobre productos o servicios similares a los previamente contratados, en virtud de lo previsto en el art\u00edculo 6.1. f) del RGPD y en el art\u00edculo 21.2 de la Ley 34\/2002, de Servicios de la Sociedad de la Informaci\u00f3n y de Comercio Electr\u00f3nico (\u201c<strong>LSSICE<\/strong>\u201d).<\/p>\n<p>En todo caso, el Usuario podr\u00e1 oponerse en cualquier momento a recibir dichas comunicaciones mediante los mecanismos habilitados al efecto en cada comunicaci\u00f3n o dirigi\u00e9ndose a la direcci\u00f3n de contacto indicada en la presente Pol\u00edtica de Privacidad.<\/p>\n<p>LETSADVISORY garantiza que los datos personales ser\u00e1n tratados de forma l\u00edcita, leal y transparente, y \u00fanicamente durante el tiempo necesario para cumplir con las finalidades indicadas, aplicando las medidas de seguridad, t\u00e9cnicas y organizativas adecuadas al nivel de riesgo del tratamiento.<\/p>\n<p>Mediante la cumplimentaci\u00f3n y env\u00edo del formulario de registro el Usuario declara haber le\u00eddo y conocer la Pol\u00edtica de Privacidad de LETSADVISORY.<\/p>\n<h3>5.- \u00bfCu\u00e1les son las finalidades del tratamiento de sus datos personales?<\/h3>\n<p>Sus datos de car\u00e1cter personal recabados por LETSADVISORY podr\u00e1n ser utilizados para las siguientes finalidades, seg\u00fan el consentimiento otorgado en el apartado correspondiente:<\/p>\n<ul>\n<li>Atender, gestionar y dar respuestas a las consultas o solicitudes planteadas por el Usuario.<\/li>\n<li>Facilitar informaci\u00f3n comercial solicitada por el Usuario.<\/li>\n<li>Facilitar asesoramiento sobre servicios, propios o de terceros, que pudieran resultar de su inter\u00e9s.<\/li>\n<li>Remitir comunicaciones informativas relacionadas con los servicios y actividades de LETSADVISORY.<\/li>\n<li>Enviar comunicaciones comerciales electr\u00f3nicas sobre productos o servicios similares a los que previamente haya contratado el Usuario.<\/li>\n<\/ul>\n<h3>6.- Veracidad de los datos facilitados por los Usuarios.<\/h3>\n<p>El Usuario garantiza la veracidad de los datos personales facilitados y se compromete a comunicar a LETSADVISORY cualquier modificaci\u00f3n de los mismos. El Usuario responder\u00e1, en cualquier caso, de la veracidad de los datos facilitados, reserv\u00e1ndose LETSADVISORY el derecho a excluir de los servicios a todo Usuario que haya facilitado datos falsos, sin perjuicio de las dem\u00e1s acciones que procedan en Derecho.<\/p>\n<p>Se recomienda que los Usuarios protejan sus datos con la m\u00e1xima diligencia utilizando las herramientas de seguridad adecuadas. LETSADVISORY no ser\u00e1 responsable de ning\u00fan robo, modificaci\u00f3n ilegal o p\u00e9rdida de datos.<\/p>\n<p>Cualquier modificaci\u00f3n o actualizaci\u00f3n de los datos deber\u00e1 ser comunicada a LETSADVISORY a trav\u00e9s de los medios de comunicaci\u00f3n previstos en la presente Pol\u00edtica de Privacidad.<\/p>\n<h3>7.- Conservaci\u00f3n de datos.<\/h3>\n<p>La protecci\u00f3n de la privacidad y de los datos personales de los Usuarios es muy importante para LETSADVISORY. Por lo tanto, LETSADVISORY hace todo lo posible para evitar que los datos del Usuario sean utilizados de manera inadecuada. S\u00f3lo el personal autorizado tiene acceso a los datos del Usuario.<\/p>\n<p>Los datos personales del Usuario se conservar\u00e1n mientras permanezcan los mismos en la base de datos de LETSADVISORY para los fines del tratamiento para los que han sido facilitados, siempre que el Usuario no haya revocado su consentimiento, solicitando la eliminaci\u00f3n de su cuenta o el borrado de determinados datos personales obtenidos a trav\u00e9s del Sitio Web. Posteriormente, en caso de ser necesario, mantendr\u00e1 la informaci\u00f3n bloqueada los plazos legalmente establecidos.<\/p>\n<p>LETSADVISORY se compromete al cumplimiento de su obligaci\u00f3n de secreto y confidencialidad de los datos de car\u00e1cter personal conforme a lo dispuesto en la legislaci\u00f3n aplicable.<\/p>\n<h3>8.- Derechos de los usuarios.<\/h3>\n<p>Los usuarios tienen derecho a:<\/p>\n<p>(i) <strong>Acceder<\/strong> a sus datos personales;<br \/>\n(ii) Solicitar la <strong>rectificaci\u00f3n<\/strong> de cualquier dato inexacto;<br \/>\n(iii) Solicitar la <strong>supresi\u00f3n<\/strong> de sus datos;<br \/>\n(iv) Solicitar que se <strong>limite el tratamiento<\/strong> de sus datos;<br \/>\n(v) <strong>Oponerse<\/strong> al tratamiento de sus datos;<br \/>\n(vi) Solicitar la <strong>portabilidad<\/strong> de sus datos.<br \/>\n(vii) Asimismo, los Usuarios tendr\u00e1n <strong>derecho a no ser objeto de decisiones basadas \u00fanicamente en el tratamiento automatizado de datos.<\/strong><\/p>\n<p>El Usuario puede ejercer todos estos derechos en la siguiente direcci\u00f3n de correo electr\u00f3nico: <a href=\"mailto:admin@letsadvisory.es\">admin@letsadvisory.es<\/a> indicando el motivo de su petici\u00f3n.<\/p>\n<p>El Usuario tambi\u00e9n puede enviar su petici\u00f3n por correo ordinario a la siguiente a la direcci\u00f3n postal: Paseo de la Castellana 116, 10 A, 28046, Madrid.<\/p>\n<p>Para facilitar la tramitaci\u00f3n de la solicitud, se recomienda que la comunicaci\u00f3n incluya la siguiente informaci\u00f3n:<\/p>\n<ol>\n<li>Nombre completo del titular de los datos personales, domicilio y cuenta de correo electr\u00f3nico para poder comunicarle la respuesta a su solicitud.<\/li>\n<li>La descripci\u00f3n clara y precisa de los datos personales respecto de los que se busca ejercer alguno de los derechos antes mencionados.<\/li>\n<li>Cualquier otro elemento o documento que facilite la localizaci\u00f3n de los datos personales.<\/li>\n<li>En el caso de solicitudes de rectificaci\u00f3n de datos personales, el titular, deber\u00e1 indicar las modificaciones a realizarse y aportar la documentaci\u00f3n que sustente su petici\u00f3n.<\/li>\n<\/ol>\n<p>LETSADVISORY atender\u00e1 cualquier solicitud leg\u00edtima, incluso si se proporciona informaci\u00f3n m\u00ednima, pudiendo solicitar informaci\u00f3n adicional \u00fanicamente si es necesaria para verificar la identidad del solicitante.<\/p>\n<p>Sin perjuicio de cualquier otro recurso administrativo o acci\u00f3n judicial, el Usuario tendr\u00e1 derecho a presentar una reclamaci\u00f3n ante una Autoridad de Control, en particular en el Estado miembro en el que tenga su residencia habitual, lugar de trabajo o lugar de la supuesta infracci\u00f3n, en caso de que considere que el tratamiento de sus datos personales no es adecuado a la normativa, as\u00ed como en el caso de no ver satisfecho el ejercicio de sus derechos. La autoridad de control ante la que se haya presentado la reclamaci\u00f3n informar\u00e1 al reclamante sobre el curso y el resultado de la reclamaci\u00f3n.<\/p>\n<h3>9.- Seguridad de datos.<\/h3>\n<p>La protecci\u00f3n de la privacidad y de los datos personales de los Usuarios es muy importante para LETSADVISORY. Por ello, LETSADVISORY ha tomado todas las medidas a su alcance para evitar que sus datos sean utilizados de forma indebida, permitiendo el acceso a los mismos \u00fanicamente al personal autorizado.<\/p>\n<p>LETSADVISORY mantiene la seguridad adecuada para la protecci\u00f3n de los datos personales de acuerdo con la legislaci\u00f3n aplicable y ha establecido todos los medios t\u00e9cnicos a su alcance para evitar la p\u00e9rdida, mal uso, alteraci\u00f3n, acceso no autorizado y robo de los datos facilitados por el Usuario a trav\u00e9s del Sitio Web, sin perjuicio de informarle de que las medidas de seguridad en Internet no son inexpugnables.<\/p>\n<p>LETSADVISORY se compromete a cumplir con el deber de secreto y confidencialidad respecto a los datos de car\u00e1cter personal de acuerdo con la legislaci\u00f3n aplicable. Adicionalmente, LETSADVISORY no ser\u00e1 responsable de los da\u00f1os y perjuicios que pudieran derivarse del incumplimiento de esta obligaci\u00f3n por parte del Usuario.<\/p>\n<h3>10.- Transferencias y\/o cesiones a terceros.<\/h3>\n<p>Se informa al Usuario de que sus datos de car\u00e1cter personal no ser\u00e1n cedidos a terceras empresas o entidades nacionales sin el consentimiento previo por parte del Usuario, salvo que sea necesario para cumplir con las finalidades del tratamiento de datos. Por ejemplo, se podr\u00e1n compartir datos de contacto con terceras empresas del grupo LETS estrictamente para la gesti\u00f3n de presupuestos o encargos profesionales, cuando ello sea imprescindible para la correcta prestaci\u00f3n del servicio solicitado.<\/p>\n<p>Salvo acuerdo en contrario de forma expresa, se garantiza que los datos de los Usuarios \u00fanicamente podr\u00e1n ser utilizados por LETSADVISORY para cualquier uso que sirva para cumplir directamente con las finalidades del tratamiento de datos de car\u00e1cter personal recogidas en el punto 5 de esta Pol\u00edtica de Privacidad.<\/p>\n<h3>11.- Preguntas.<\/h3>\n<p>Si tiene alguna duda sobre nuestra Pol\u00edtica de Privacidad o el tratamiento de sus datos, p\u00f3ngase en contacto con nosotros enviando un correo electr\u00f3nico <a href=\"mailto:admin@letsadvisory.es\">admin@letsadvisory.es<\/a>.<\/p>\n<p>Asimismo, si considera que sus derechos no est\u00e1n debidamente salvaguardados, tiene derecho a presentar una reclamaci\u00f3n ante la Agencia Espa\u00f1ola de Protecci\u00f3n de Datos, cuyos datos de contacto son: tel\u00e9fonos 900 293 183; direcci\u00f3n postal C\/Jorge Juan 6, 28001 Madrid; oficina electr\u00f3nica <a href=\"https:\/\/sedeagpd.gob.es\/sede-electronica-web\/\" target=\"_blank\" rel=\"noopener\">https:\/\/sedeagpd.gob.es\/sede-electronica-web\/<\/a> y Solicitud <a href=\"https:\/\/www.aepd.es\/\" target=\"_blank\" rel=\"noopener\">www.aepd.es<\/a>.<\/p>\n<h3>12.- Aceptaci\u00f3n y Consentimiento.<\/h3>\n<p>El Usuario declara haber sido informado de las condiciones sobre protecci\u00f3n de datos personales, aceptando y consintiendo el tratamiento de los mismos por parte de LETSADVISORY, en la forma y para las finalidades indicadas en la presente Pol\u00edtica de Privacidad.[\/vc_column_text][\/vc_column][\/vc_row]<\/p>\n","protected":false},"excerpt":{"rendered":"<p>[vc_row el_class=&#8221;cyp_seccion_legal&#8221;][vc_column][vc_column_text] 1.- \u00bfQui\u00e9n es el responsable del tratamiento de sus datos? El responsable del tratamiento de sus datos personales es LETS ADVISORY, S.L. (en adelante, \u201cLETSADVISORY\u201d), con NIF B80052350 y domicilio social en Paseo&#8230;<\/p>\n","protected":false},"author":4,"featured_media":0,"parent":0,"menu_order":0,"comment_status":"closed","ping_status":"closed","template":"","meta":{"footnotes":""},"class_list":["post-19231","page","type-page","status-publish","hentry"],"_links":{"self":[{"href":"https:\/\/letslaw.es\/en\/wp-json\/wp\/v2\/pages\/19231","targetHints":{"allow":["GET"]}}],"collection":[{"href":"https:\/\/letslaw.es\/en\/wp-json\/wp\/v2\/pages"}],"about":[{"href":"https:\/\/letslaw.es\/en\/wp-json\/wp\/v2\/types\/page"}],"author":[{"embeddable":true,"href":"https:\/\/letslaw.es\/en\/wp-json\/wp\/v2\/users\/4"}],"replies":[{"embeddable":true,"href":"https:\/\/letslaw.es\/en\/wp-json\/wp\/v2\/comments?post=19231"}],"version-history":[{"count":2,"href":"https:\/\/letslaw.es\/en\/wp-json\/wp\/v2\/pages\/19231\/revisions"}],"predecessor-version":[{"id":19233,"href":"https:\/\/letslaw.es\/en\/wp-json\/wp\/v2\/pages\/19231\/revisions\/19233"}],"wp:attachment":[{"href":"https:\/\/letslaw.es\/en\/wp-json\/wp\/v2\/media?parent=19231"}],"curies":[{"name":"wp","href":"https:\/\/api.w.org\/{rel}","templated":true}]}}